{"id":988514,"date":"2025-02-18T17:58:31","date_gmt":"2025-02-18T17:58:31","guid":{"rendered":"https:\/\/vistarreal.es\/wp1\/?page_id=988514"},"modified":"2025-02-18T17:58:53","modified_gmt":"2025-02-18T17:58:53","slug":"politica-de-cookies","status":"publish","type":"page","link":"https:\/\/vistarreal.es\/wp1\/politica-de-cookies\/","title":{"rendered":"Pol\u00edtica de cookies"},"content":{"rendered":"\t\t<div data-elementor-type=\"wp-page\" data-elementor-id=\"988514\" class=\"elementor elementor-988514\" data-elementor-post-type=\"page\">\n\t\t\t\t\t\t<section class=\"elementor-section elementor-top-section elementor-element elementor-element-e4fe6ff elementor-section-height-min-height elementor-section-boxed elementor-section-height-default elementor-section-items-middle\" data-id=\"e4fe6ff\" data-element_type=\"section\" data-settings=\"{&quot;background_background&quot;:&quot;classic&quot;}\">\n\t\t\t\t\t\t\t<div class=\"elementor-background-overlay\"><\/div>\n\t\t\t\t\t\t\t<div class=\"elementor-container elementor-column-gap-default\">\n\t\t\t\t\t<div class=\"elementor-column elementor-col-100 elementor-top-column elementor-element elementor-element-251b61d\" data-id=\"251b61d\" data-element_type=\"column\" data-settings=\"{&quot;background_background&quot;:&quot;classic&quot;}\">\n\t\t\t<div class=\"elementor-widget-wrap\">\n\t\t\t\t\t\t\t<\/div>\n\t\t<\/div>\n\t\t\t\t\t<\/div>\n\t\t<\/section>\n\t\t\t\t<section class=\"elementor-section elementor-top-section elementor-element elementor-element-79df866 elementor-section-boxed elementor-section-height-default elementor-section-height-default\" data-id=\"79df866\" data-element_type=\"section\" data-settings=\"{&quot;animation&quot;:&quot;none&quot;,&quot;animation_tablet&quot;:&quot;none&quot;,&quot;animation_mobile&quot;:&quot;none&quot;}\">\n\t\t\t\t\t\t<div class=\"elementor-container elementor-column-gap-no\">\n\t\t\t\t\t<div class=\"elementor-column elementor-col-50 elementor-top-column elementor-element elementor-element-b613994 animated-fast elementor-invisible\" data-id=\"b613994\" data-element_type=\"column\" data-settings=\"{&quot;background_background&quot;:&quot;classic&quot;,&quot;animation&quot;:&quot;fadeIn&quot;,&quot;animation_delay&quot;:100}\">\n\t\t\t<div class=\"elementor-widget-wrap elementor-element-populated\">\n\t\t\t\t\t\t<div class=\"elementor-element elementor-element-fe532aa elementor-widget__width-auto elementor-widget elementor-widget-heading\" data-id=\"fe532aa\" data-element_type=\"widget\" data-widget_type=\"heading.default\">\n\t\t\t\t<div class=\"elementor-widget-container\">\n\t\t\t\t\t<h2 class=\"elementor-heading-title elementor-size-default\">Pol\u00edtica de cookies<\/h2>\t\t\t\t<\/div>\n\t\t\t\t<\/div>\n\t\t\t\t\t<\/div>\n\t\t<\/div>\n\t\t\t\t<div class=\"elementor-column elementor-col-50 elementor-top-column elementor-element elementor-element-73ebce3 elementor-hidden-desktop elementor-hidden-tablet elementor-hidden-phone\" data-id=\"73ebce3\" data-element_type=\"column\">\n\t\t\t<div class=\"elementor-widget-wrap\">\n\t\t\t\t\t\t\t<\/div>\n\t\t<\/div>\n\t\t\t\t\t<\/div>\n\t\t<\/section>\n\t\t\t\t<section class=\"elementor-section elementor-top-section elementor-element elementor-element-907f421 elementor-section-boxed elementor-section-height-default elementor-section-height-default\" data-id=\"907f421\" data-element_type=\"section\" id=\"comedor\">\n\t\t\t\t\t\t<div class=\"elementor-container elementor-column-gap-default\">\n\t\t\t\t\t<div class=\"elementor-column elementor-col-100 elementor-top-column elementor-element elementor-element-fa652a0\" data-id=\"fa652a0\" data-element_type=\"column\">\n\t\t\t<div class=\"elementor-widget-wrap elementor-element-populated\">\n\t\t\t\t\t\t<div class=\"elementor-element elementor-element-8a167fc elementor-widget elementor-widget-text-editor\" data-id=\"8a167fc\" data-element_type=\"widget\" data-settings=\"{&quot;_animation&quot;:&quot;none&quot;,&quot;_animation_tablet&quot;:&quot;none&quot;,&quot;_animation_mobile&quot;:&quot;none&quot;,&quot;_animation_delay&quot;:300}\" data-widget_type=\"text-editor.default\">\n\t\t\t\t<div class=\"elementor-widget-container\">\n\t\t\t\t\t\t\t\t\t<p><strong>POL\u00cdTICA DE COOKIES<\/strong><\/p><p><strong>1. Introducci\u00f3n<\/strong> Esta Pol\u00edtica de Cookies explica qu\u00e9 son las cookies, c\u00f3mo las utilizamos en nuestra web y c\u00f3mo puede gestionarlas seg\u00fan sus preferencias.<\/p><p><strong>2. \u00bfQu\u00e9 son las Cookies?<\/strong> Las cookies son peque\u00f1os archivos de texto que se almacenan en su dispositivo cuando visita un sitio web. Se utilizan para recordar informaci\u00f3n sobre su navegaci\u00f3n y mejorar su experiencia de usuario.<\/p><p><strong>3. Tipos de Cookies que Utilizamos<\/strong> Nuestro sitio web utiliza los siguientes tipos de cookies:<\/p><ul><li><strong>Cookies T\u00e9cnicas:<\/strong> Necesarias para el funcionamiento b\u00e1sico de la web y la prestaci\u00f3n de servicios.<\/li><li><strong>Cookies de An\u00e1lisis:<\/strong> Nos permiten conocer el comportamiento de los usuarios en la web para mejorar nuestros servicios.<\/li><li><strong>Cookies Publicitarias:<\/strong> Utilizadas para mostrar publicidad relevante seg\u00fan los h\u00e1bitos de navegaci\u00f3n del usuario.<\/li><\/ul><p><strong>4. Gesti\u00f3n de Cookies<\/strong> El usuario puede aceptar, rechazar o configurar el uso de cookies a trav\u00e9s de nuestro panel de configuraci\u00f3n accesible desde el aviso de cookies en la web.<\/p><p>Adem\u00e1s, puede configurar su navegador para bloquear o eliminar cookies a trav\u00e9s de los siguientes enlaces seg\u00fan el navegador utilizado:<\/p><ul><li><a href=\"https:\/\/support.google.com\/chrome\/answer\/95647?hl=es\">Google Chrome<\/a><\/li><li><a href=\"https:\/\/support.mozilla.org\/es\/kb\/Borrar%20cookies\">Mozilla Firefox<\/a><\/li><li><a href=\"https:\/\/support.apple.com\/es-es\/HT201265\">Safari<\/a><\/li><li><a href=\"https:\/\/support.microsoft.com\/es-es\/help\/4027947\/microsoft-edge-delete-cookies\">Microsoft Edge<\/a><\/li><\/ul><p><strong>5. Transferencias Internacionales de Datos<\/strong> Algunas de las cookies pueden ser gestionadas por terceros cuyos servidores pueden estar ubicados fuera del Espacio Econ\u00f3mico Europeo. En estos casos, se tomar\u00e1n las medidas necesarias para garantizar un nivel adecuado de protecci\u00f3n de datos.<\/p><p><strong>6. Actualizaci\u00f3n de la Pol\u00edtica de Cookies<\/strong> Nos reservamos el derecho de modificar esta Pol\u00edtica de Cookies para adaptarla a futuras normativas o cambios en nuestro sitio web. Le recomendamos revisar esta pol\u00edtica peri\u00f3dicamente.<\/p><p><strong>7. Contacto<\/strong> Si tiene alguna duda sobre nuestra Pol\u00edtica de Cookies, puede contactar con nosotros a trav\u00e9s de <a href=\"mailto:secretariavistarreal@gmail.com\">secretariavistarreal@gmail.com<\/a> o en la direcci\u00f3n C\/ Sierra Espu\u00f1a S\/N, 30506, Altorreal, Murcia.<\/p>\t\t\t\t\t\t\t\t<\/div>\n\t\t\t\t<\/div>\n\t\t\t\t\t<\/div>\n\t\t<\/div>\n\t\t\t\t\t<\/div>\n\t\t<\/section>\n\t\t\t\t<section class=\"elementor-section elementor-top-section elementor-element elementor-element-42750af elementor-section-boxed elementor-section-height-default elementor-section-height-default\" data-id=\"42750af\" data-element_type=\"section\" data-settings=\"{&quot;background_background&quot;:&quot;classic&quot;}\">\n\t\t\t\t\t\t<div class=\"elementor-container elementor-column-gap-default\">\n\t\t\t\t\t<div class=\"elementor-column elementor-col-100 elementor-top-column elementor-element elementor-element-75446a3\" data-id=\"75446a3\" data-element_type=\"column\">\n\t\t\t<div class=\"elementor-widget-wrap elementor-element-populated\">\n\t\t\t\t\t\t<div class=\"elementor-element elementor-element-1cac925 elementor-invisible elementor-widget elementor-widget-heading\" data-id=\"1cac925\" data-element_type=\"widget\" data-settings=\"{&quot;_animation&quot;:&quot;fadeIn&quot;,&quot;_animation_tablet&quot;:&quot;none&quot;,&quot;_animation_mobile&quot;:&quot;none&quot;}\" data-widget_type=\"heading.default\">\n\t\t\t\t<div class=\"elementor-widget-container\">\n\t\t\t\t\t<h2 class=\"elementor-heading-title elementor-size-default\">Contacto<\/h2>\t\t\t\t<\/div>\n\t\t\t\t<\/div>\n\t\t\t\t<div class=\"elementor-element elementor-element-f4a2fd3 elementor-widget elementor-widget-heading\" data-id=\"f4a2fd3\" data-element_type=\"widget\" data-widget_type=\"heading.default\">\n\t\t\t\t<div class=\"elementor-widget-container\">\n\t\t\t\t\t<h5 class=\"elementor-heading-title elementor-size-default\">Si deseas conocernos m\u00e1s, solicitar informaci\u00f3n o concertar una visita, estamos a tu disposici\u00f3n a trav\u00e9s de distintos medios de contacto. \u00a1Estaremos encantados de atenderte!<\/h5>\t\t\t\t<\/div>\n\t\t\t\t<\/div>\n\t\t\t\t<div class=\"elementor-element elementor-element-3b9a89a elementor-align-center elementor-mobile-align-left elementor-widget elementor-widget-button\" data-id=\"3b9a89a\" data-element_type=\"widget\" data-widget_type=\"button.default\">\n\t\t\t\t<div class=\"elementor-widget-container\">\n\t\t\t\t\t\t\t\t\t<div class=\"elementor-button-wrapper\">\n\t\t\t\t\t<a class=\"elementor-button elementor-button-link elementor-size-sm\" href=\"https:\/\/vistarreal.es\/wp1\/contacto\/\">\n\t\t\t\t\t\t<span class=\"elementor-button-content-wrapper\">\n\t\t\t\t\t\t<span class=\"elementor-button-icon\">\n\t\t\t\t<i aria-hidden=\"true\" class=\"vamtamtheme- vamtam-theme-arrow-right\"><\/i>\t\t\t<\/span>\n\t\t\t\t\t\t\t\t\t<span class=\"elementor-button-text\">\u00a1Solicita informaci\u00f3n ahora!<\/span>\n\t\t\t\t\t<\/span>\n\t\t\t\t\t<\/a>\n\t\t\t\t<\/div>\n\t\t\t\t\t\t\t\t<\/div>\n\t\t\t\t<\/div>\n\t\t\t\t\t<\/div>\n\t\t<\/div>\n\t\t\t\t\t<\/div>\n\t\t<\/section>\n\t\t\t\t<\/div>\n\t\t","protected":false},"excerpt":{"rendered":"<p>Pol\u00edtica de cookies POL\u00cdTICA DE COOKIES 1. Introducci\u00f3n Esta Pol\u00edtica de Cookies explica qu\u00e9 son las cookies, c\u00f3mo las utilizamos en nuestra web y c\u00f3mo puede gestionarlas seg\u00fan sus preferencias. 2. \u00bfQu\u00e9 son las Cookies? Las cookies son peque\u00f1os archivos de texto que se almacenan en su dispositivo cuando visita un sitio web. Se utilizan&#8230;<\/p>\n","protected":false},"author":1,"featured_media":0,"parent":0,"menu_order":0,"comment_status":"closed","ping_status":"closed","template":"elementor_theme","meta":{"footnotes":""},"class_list":["post-988514","page","type-page","status-publish","hentry"],"yoast_head":"<!-- This site is optimized with the Yoast SEO plugin v24.5 - https:\/\/yoast.com\/wordpress\/plugins\/seo\/ -->\n<title>Orientaci\u00f3n Escolar en el Colegio Vistarreal | Apoyo Integral para Estudiantes<\/title>\n<meta name=\"description\" content=\"Descubre c\u00f3mo el Departamento de Orientaci\u00f3n del Colegio Vistarreal apoya a los alumnos con programas personalizados como el PAD, PAT y orientaci\u00f3n profesional. Educaci\u00f3n inclusiva y emocional para el \u00e9xito.\" \/>\n<meta name=\"robots\" content=\"index, follow, max-snippet:-1, max-image-preview:large, max-video-preview:-1\" \/>\n<link rel=\"canonical\" href=\"https:\/\/vistarreal.es\/wp1\/politica-de-cookies\/\" \/>\n<meta property=\"og:locale\" content=\"es_ES\" \/>\n<meta property=\"og:type\" content=\"article\" \/>\n<meta property=\"og:title\" content=\"Orientaci\u00f3n Escolar en el Colegio Vistarreal | Apoyo Integral para Estudiantes\" \/>\n<meta property=\"og:description\" content=\"Descubre c\u00f3mo el Departamento de Orientaci\u00f3n del Colegio Vistarreal apoya a los alumnos con programas personalizados como el PAD, PAT y orientaci\u00f3n profesional. Educaci\u00f3n inclusiva y emocional para el \u00e9xito.\" \/>\n<meta property=\"og:url\" content=\"https:\/\/vistarreal.es\/wp1\/politica-de-cookies\/\" \/>\n<meta property=\"og:site_name\" content=\"Colegio Vistarreal | Educaci\u00f3n Integral, Innovadora y Biling\u00fce\" \/>\n<meta property=\"article:modified_time\" content=\"2025-02-18T17:58:53+00:00\" \/>\n<meta name=\"twitter:card\" content=\"summary_large_image\" \/>\n<meta name=\"twitter:label1\" content=\"Tiempo de lectura\" \/>\n\t<meta name=\"twitter:data1\" content=\"2 minutos\" \/>\n<script type=\"application\/ld+json\" class=\"yoast-schema-graph\">{\"@context\":\"https:\/\/schema.org\",\"@graph\":[{\"@type\":\"WebPage\",\"@id\":\"https:\/\/vistarreal.es\/wp1\/politica-de-cookies\/\",\"url\":\"https:\/\/vistarreal.es\/wp1\/politica-de-cookies\/\",\"name\":\"Orientaci\u00f3n Escolar en el Colegio Vistarreal | Apoyo Integral para Estudiantes\",\"isPartOf\":{\"@id\":\"https:\/\/vistarreal.es\/wp1\/#website\"},\"datePublished\":\"2025-02-18T17:58:31+00:00\",\"dateModified\":\"2025-02-18T17:58:53+00:00\",\"description\":\"Descubre c\u00f3mo el Departamento de Orientaci\u00f3n del Colegio Vistarreal apoya a los alumnos con programas personalizados como el PAD, PAT y orientaci\u00f3n profesional. Educaci\u00f3n inclusiva y emocional para el \u00e9xito.\",\"breadcrumb\":{\"@id\":\"https:\/\/vistarreal.es\/wp1\/politica-de-cookies\/#breadcrumb\"},\"inLanguage\":\"es\",\"potentialAction\":[{\"@type\":\"ReadAction\",\"target\":[\"https:\/\/vistarreal.es\/wp1\/politica-de-cookies\/\"]}]},{\"@type\":\"BreadcrumbList\",\"@id\":\"https:\/\/vistarreal.es\/wp1\/politica-de-cookies\/#breadcrumb\",\"itemListElement\":[{\"@type\":\"ListItem\",\"position\":1,\"name\":\"Portada\",\"item\":\"https:\/\/vistarreal.es\/wp1\/\"},{\"@type\":\"ListItem\",\"position\":2,\"name\":\"Pol\u00edtica de cookies\"}]},{\"@type\":\"WebSite\",\"@id\":\"https:\/\/vistarreal.es\/wp1\/#website\",\"url\":\"https:\/\/vistarreal.es\/wp1\/\",\"name\":\"Colegio Vistarreal\",\"description\":\"Descubre el Colegio Vistarreal, un centro educativo que ofrece formaci\u00f3n integral desde Infantil hasta Bachillerato. Metodolog\u00edas activas, proyecto biling\u00fce, atenci\u00f3n a la diversidad y programas internacionales para el \u00e9xito acad\u00e9mico y personal de nuestros alumnos.\",\"publisher\":{\"@id\":\"https:\/\/vistarreal.es\/wp1\/#organization\"},\"potentialAction\":[{\"@type\":\"SearchAction\",\"target\":{\"@type\":\"EntryPoint\",\"urlTemplate\":\"https:\/\/vistarreal.es\/wp1\/?s={search_term_string}\"},\"query-input\":{\"@type\":\"PropertyValueSpecification\",\"valueRequired\":true,\"valueName\":\"search_term_string\"}}],\"inLanguage\":\"es\"},{\"@type\":\"Organization\",\"@id\":\"https:\/\/vistarreal.es\/wp1\/#organization\",\"name\":\"Colegio Vistarreal\",\"url\":\"https:\/\/vistarreal.es\/wp1\/\",\"logo\":{\"@type\":\"ImageObject\",\"inLanguage\":\"es\",\"@id\":\"https:\/\/vistarreal.es\/wp1\/#\/schema\/logo\/image\/\",\"url\":\"https:\/\/vistarreal.es\/wp1\/wp-content\/uploads\/2020\/02\/Titulo__5_-removebg-preview.png\",\"contentUrl\":\"https:\/\/vistarreal.es\/wp1\/wp-content\/uploads\/2020\/02\/Titulo__5_-removebg-preview.png\",\"width\":302,\"height\":109,\"caption\":\"Colegio Vistarreal\"},\"image\":{\"@id\":\"https:\/\/vistarreal.es\/wp1\/#\/schema\/logo\/image\/\"}}]}<\/script>\n<!-- \/ Yoast SEO plugin. -->","yoast_head_json":{"title":"Orientaci\u00f3n Escolar en el Colegio Vistarreal | Apoyo Integral para Estudiantes","description":"Descubre c\u00f3mo el Departamento de Orientaci\u00f3n del Colegio Vistarreal apoya a los alumnos con programas personalizados como el PAD, PAT y orientaci\u00f3n profesional. Educaci\u00f3n inclusiva y emocional para el \u00e9xito.","robots":{"index":"index","follow":"follow","max-snippet":"max-snippet:-1","max-image-preview":"max-image-preview:large","max-video-preview":"max-video-preview:-1"},"canonical":"https:\/\/vistarreal.es\/wp1\/politica-de-cookies\/","og_locale":"es_ES","og_type":"article","og_title":"Orientaci\u00f3n Escolar en el Colegio Vistarreal | Apoyo Integral para Estudiantes","og_description":"Descubre c\u00f3mo el Departamento de Orientaci\u00f3n del Colegio Vistarreal apoya a los alumnos con programas personalizados como el PAD, PAT y orientaci\u00f3n profesional. Educaci\u00f3n inclusiva y emocional para el \u00e9xito.","og_url":"https:\/\/vistarreal.es\/wp1\/politica-de-cookies\/","og_site_name":"Colegio Vistarreal | Educaci\u00f3n Integral, Innovadora y Biling\u00fce","article_modified_time":"2025-02-18T17:58:53+00:00","twitter_card":"summary_large_image","twitter_misc":{"Tiempo de lectura":"2 minutos"},"schema":{"@context":"https:\/\/schema.org","@graph":[{"@type":"WebPage","@id":"https:\/\/vistarreal.es\/wp1\/politica-de-cookies\/","url":"https:\/\/vistarreal.es\/wp1\/politica-de-cookies\/","name":"Orientaci\u00f3n Escolar en el Colegio Vistarreal | Apoyo Integral para Estudiantes","isPartOf":{"@id":"https:\/\/vistarreal.es\/wp1\/#website"},"datePublished":"2025-02-18T17:58:31+00:00","dateModified":"2025-02-18T17:58:53+00:00","description":"Descubre c\u00f3mo el Departamento de Orientaci\u00f3n del Colegio Vistarreal apoya a los alumnos con programas personalizados como el PAD, PAT y orientaci\u00f3n profesional. Educaci\u00f3n inclusiva y emocional para el \u00e9xito.","breadcrumb":{"@id":"https:\/\/vistarreal.es\/wp1\/politica-de-cookies\/#breadcrumb"},"inLanguage":"es","potentialAction":[{"@type":"ReadAction","target":["https:\/\/vistarreal.es\/wp1\/politica-de-cookies\/"]}]},{"@type":"BreadcrumbList","@id":"https:\/\/vistarreal.es\/wp1\/politica-de-cookies\/#breadcrumb","itemListElement":[{"@type":"ListItem","position":1,"name":"Portada","item":"https:\/\/vistarreal.es\/wp1\/"},{"@type":"ListItem","position":2,"name":"Pol\u00edtica de cookies"}]},{"@type":"WebSite","@id":"https:\/\/vistarreal.es\/wp1\/#website","url":"https:\/\/vistarreal.es\/wp1\/","name":"Colegio Vistarreal","description":"Descubre el Colegio Vistarreal, un centro educativo que ofrece formaci\u00f3n integral desde Infantil hasta Bachillerato. Metodolog\u00edas activas, proyecto biling\u00fce, atenci\u00f3n a la diversidad y programas internacionales para el \u00e9xito acad\u00e9mico y personal de nuestros alumnos.","publisher":{"@id":"https:\/\/vistarreal.es\/wp1\/#organization"},"potentialAction":[{"@type":"SearchAction","target":{"@type":"EntryPoint","urlTemplate":"https:\/\/vistarreal.es\/wp1\/?s={search_term_string}"},"query-input":{"@type":"PropertyValueSpecification","valueRequired":true,"valueName":"search_term_string"}}],"inLanguage":"es"},{"@type":"Organization","@id":"https:\/\/vistarreal.es\/wp1\/#organization","name":"Colegio Vistarreal","url":"https:\/\/vistarreal.es\/wp1\/","logo":{"@type":"ImageObject","inLanguage":"es","@id":"https:\/\/vistarreal.es\/wp1\/#\/schema\/logo\/image\/","url":"https:\/\/vistarreal.es\/wp1\/wp-content\/uploads\/2020\/02\/Titulo__5_-removebg-preview.png","contentUrl":"https:\/\/vistarreal.es\/wp1\/wp-content\/uploads\/2020\/02\/Titulo__5_-removebg-preview.png","width":302,"height":109,"caption":"Colegio Vistarreal"},"image":{"@id":"https:\/\/vistarreal.es\/wp1\/#\/schema\/logo\/image\/"}}]}},"_links":{"self":[{"href":"https:\/\/vistarreal.es\/wp1\/wp-json\/wp\/v2\/pages\/988514","targetHints":{"allow":["GET"]}}],"collection":[{"href":"https:\/\/vistarreal.es\/wp1\/wp-json\/wp\/v2\/pages"}],"about":[{"href":"https:\/\/vistarreal.es\/wp1\/wp-json\/wp\/v2\/types\/page"}],"author":[{"embeddable":true,"href":"https:\/\/vistarreal.es\/wp1\/wp-json\/wp\/v2\/users\/1"}],"replies":[{"embeddable":true,"href":"https:\/\/vistarreal.es\/wp1\/wp-json\/wp\/v2\/comments?post=988514"}],"version-history":[{"count":4,"href":"https:\/\/vistarreal.es\/wp1\/wp-json\/wp\/v2\/pages\/988514\/revisions"}],"predecessor-version":[{"id":988518,"href":"https:\/\/vistarreal.es\/wp1\/wp-json\/wp\/v2\/pages\/988514\/revisions\/988518"}],"wp:attachment":[{"href":"https:\/\/vistarreal.es\/wp1\/wp-json\/wp\/v2\/media?parent=988514"}],"curies":[{"name":"wp","href":"https:\/\/api.w.org\/{rel}","templated":true}]}}