{"id":988509,"date":"2025-02-18T17:54:15","date_gmt":"2025-02-18T17:54:15","guid":{"rendered":"https:\/\/vistarreal.es\/wp1\/?page_id=988509"},"modified":"2025-02-18T17:56:56","modified_gmt":"2025-02-18T17:56:56","slug":"politica-de-privacidad","status":"publish","type":"page","link":"https:\/\/vistarreal.es\/wp1\/politica-de-privacidad\/","title":{"rendered":"Pol\u00edtica de privacidad"},"content":{"rendered":"\t\t<div data-elementor-type=\"wp-page\" data-elementor-id=\"988509\" class=\"elementor elementor-988509\" data-elementor-post-type=\"page\">\n\t\t\t\t\t\t<section class=\"elementor-section elementor-top-section elementor-element elementor-element-e4fe6ff elementor-section-height-min-height elementor-section-boxed elementor-section-height-default elementor-section-items-middle\" data-id=\"e4fe6ff\" data-element_type=\"section\" data-settings=\"{&quot;background_background&quot;:&quot;classic&quot;}\">\n\t\t\t\t\t\t\t<div class=\"elementor-background-overlay\"><\/div>\n\t\t\t\t\t\t\t<div class=\"elementor-container elementor-column-gap-default\">\n\t\t\t\t\t<div class=\"elementor-column elementor-col-100 elementor-top-column elementor-element elementor-element-251b61d\" data-id=\"251b61d\" data-element_type=\"column\" data-settings=\"{&quot;background_background&quot;:&quot;classic&quot;}\">\n\t\t\t<div class=\"elementor-widget-wrap\">\n\t\t\t\t\t\t\t<\/div>\n\t\t<\/div>\n\t\t\t\t\t<\/div>\n\t\t<\/section>\n\t\t\t\t<section class=\"elementor-section elementor-top-section elementor-element elementor-element-79df866 elementor-section-boxed elementor-section-height-default elementor-section-height-default\" data-id=\"79df866\" data-element_type=\"section\" data-settings=\"{&quot;animation&quot;:&quot;none&quot;,&quot;animation_tablet&quot;:&quot;none&quot;,&quot;animation_mobile&quot;:&quot;none&quot;}\">\n\t\t\t\t\t\t<div class=\"elementor-container elementor-column-gap-no\">\n\t\t\t\t\t<div class=\"elementor-column elementor-col-50 elementor-top-column elementor-element elementor-element-b613994 animated-fast elementor-invisible\" data-id=\"b613994\" data-element_type=\"column\" data-settings=\"{&quot;background_background&quot;:&quot;classic&quot;,&quot;animation&quot;:&quot;fadeIn&quot;,&quot;animation_delay&quot;:100}\">\n\t\t\t<div class=\"elementor-widget-wrap elementor-element-populated\">\n\t\t\t\t\t\t<div class=\"elementor-element elementor-element-fe532aa elementor-widget__width-auto elementor-widget elementor-widget-heading\" data-id=\"fe532aa\" data-element_type=\"widget\" data-widget_type=\"heading.default\">\n\t\t\t\t<div class=\"elementor-widget-container\">\n\t\t\t\t\t<h2 class=\"elementor-heading-title elementor-size-default\">Pol\u00edtica de privacidad<\/h2>\t\t\t\t<\/div>\n\t\t\t\t<\/div>\n\t\t\t\t\t<\/div>\n\t\t<\/div>\n\t\t\t\t<div class=\"elementor-column elementor-col-50 elementor-top-column elementor-element elementor-element-73ebce3 elementor-hidden-desktop elementor-hidden-tablet elementor-hidden-phone\" data-id=\"73ebce3\" data-element_type=\"column\">\n\t\t\t<div class=\"elementor-widget-wrap\">\n\t\t\t\t\t\t\t<\/div>\n\t\t<\/div>\n\t\t\t\t\t<\/div>\n\t\t<\/section>\n\t\t\t\t<section class=\"elementor-section elementor-top-section elementor-element elementor-element-907f421 elementor-section-boxed elementor-section-height-default elementor-section-height-default\" data-id=\"907f421\" data-element_type=\"section\" id=\"comedor\">\n\t\t\t\t\t\t<div class=\"elementor-container elementor-column-gap-default\">\n\t\t\t\t\t<div class=\"elementor-column elementor-col-100 elementor-top-column elementor-element elementor-element-fa652a0\" data-id=\"fa652a0\" data-element_type=\"column\">\n\t\t\t<div class=\"elementor-widget-wrap elementor-element-populated\">\n\t\t\t\t\t\t<div class=\"elementor-element elementor-element-8a167fc elementor-widget elementor-widget-text-editor\" data-id=\"8a167fc\" data-element_type=\"widget\" data-settings=\"{&quot;_animation&quot;:&quot;none&quot;,&quot;_animation_tablet&quot;:&quot;none&quot;,&quot;_animation_mobile&quot;:&quot;none&quot;,&quot;_animation_delay&quot;:300}\" data-widget_type=\"text-editor.default\">\n\t\t\t\t<div class=\"elementor-widget-container\">\n\t\t\t\t\t\t\t\t\t<p><strong>POL\u00cdTICA DE PRIVACIDAD<\/strong><\/p><p><strong>1. Identificaci\u00f3n del Responsable<\/strong> VISTARREAL S.C. CIF: F73574238 Direcci\u00f3n: C\/ Sierra Espu\u00f1a S\/N, 30506, Altorreal, Murcia Tel\u00e9fono: 968618683 Correo Electr\u00f3nico: <a href=\"mailto:secretariavistarreal@gmail.com\">secretariavistarreal@gmail.com<\/a><\/p><p><strong>2. Finalidad del Tratamiento de Datos<\/strong> Los datos personales recabados a trav\u00e9s de nuestra p\u00e1gina web ser\u00e1n tratados con las siguientes finalidades:<\/p><ul><li>Gesti\u00f3n de los servicios ofrecidos a trav\u00e9s de la web.<\/li><li>Respuesta a consultas realizadas por los usuarios.<\/li><li>Env\u00edo de informaci\u00f3n comercial relacionada con nuestros productos y servicios.<\/li><li>Cumplimiento de obligaciones legales.<\/li><\/ul><p><strong>3. Base Jur\u00eddica del Tratamiento<\/strong> El tratamiento de datos personales se basa en el consentimiento del interesado, la ejecuci\u00f3n de un contrato o cumplimiento de obligaciones legales, seg\u00fan corresponda.<\/p><p><strong>4. Conservaci\u00f3n de los Datos<\/strong> Los datos personales proporcionados se conservar\u00e1n mientras se mantenga la relaci\u00f3n con el usuario o durante el tiempo necesario para cumplir con las obligaciones legales aplicables.<\/p><p><strong>5. Comunicaci\u00f3n de Datos a Terceros<\/strong> No se ceder\u00e1n datos a terceros salvo obligaci\u00f3n legal o en los casos en que sea necesario para la prestaci\u00f3n del servicio.<\/p><p><strong>6. Derechos del Usuario<\/strong> Los usuarios tienen derecho a:<\/p><ul><li>Acceder a sus datos personales.<\/li><li>Solicitar la rectificaci\u00f3n de datos inexactos.<\/li><li>Solicitar la supresi\u00f3n de sus datos cuando ya no sean necesarios.<\/li><li>Oponerse al tratamiento de sus datos en determinadas circunstancias.<\/li><li>Solicitar la portabilidad de sus datos a otro responsable.<\/li><li>Retirar el consentimiento en cualquier momento.<\/li><\/ul><p>Para ejercer estos derechos, el usuario puede contactar con nosotros a trav\u00e9s del correo electr\u00f3nico <a href=\"mailto:secretariavistarreal@gmail.com\">secretariavistarreal@gmail.com<\/a> o por escrito a nuestra direcci\u00f3n postal.<\/p><p><strong>7. Seguridad de los Datos<\/strong> VISTARREAL S.C. adopta las medidas de seguridad necesarias para garantizar la confidencialidad, integridad y disponibilidad de los datos personales tratados.<\/p><p><strong>8. Uso de Cookies<\/strong> Nuestra p\u00e1gina web utiliza cookies para mejorar la experiencia de usuario. Para m\u00e1s informaci\u00f3n, consulte nuestra Pol\u00edtica de Cookies.<\/p><p><strong>9. Modificaciones a la Pol\u00edtica de Privacidad<\/strong> Nos reservamos el derecho a modificar esta pol\u00edtica para adaptarla a nuevas exigencias legales o cambios en nuestros servicios. Se recomienda su revisi\u00f3n peri\u00f3dica.<\/p><p><strong>10. Contacto con la Autoridad de Control<\/strong> Si considera que se ha vulnerado su derecho a la protecci\u00f3n de datos, puede presentar una reclamaci\u00f3n ante la Agencia Espa\u00f1ola de Protecci\u00f3n de Datos (<a href=\"http:\/\/www.aepd.es\/\">www.aepd.es<\/a>).<\/p>\t\t\t\t\t\t\t\t<\/div>\n\t\t\t\t<\/div>\n\t\t\t\t\t<\/div>\n\t\t<\/div>\n\t\t\t\t\t<\/div>\n\t\t<\/section>\n\t\t\t\t<section class=\"elementor-section elementor-top-section elementor-element elementor-element-42750af elementor-section-boxed elementor-section-height-default elementor-section-height-default\" data-id=\"42750af\" data-element_type=\"section\" data-settings=\"{&quot;background_background&quot;:&quot;classic&quot;}\">\n\t\t\t\t\t\t<div class=\"elementor-container elementor-column-gap-default\">\n\t\t\t\t\t<div class=\"elementor-column elementor-col-100 elementor-top-column elementor-element elementor-element-75446a3\" data-id=\"75446a3\" data-element_type=\"column\">\n\t\t\t<div class=\"elementor-widget-wrap elementor-element-populated\">\n\t\t\t\t\t\t<div class=\"elementor-element elementor-element-1cac925 elementor-invisible elementor-widget elementor-widget-heading\" data-id=\"1cac925\" data-element_type=\"widget\" data-settings=\"{&quot;_animation&quot;:&quot;fadeIn&quot;,&quot;_animation_tablet&quot;:&quot;none&quot;,&quot;_animation_mobile&quot;:&quot;none&quot;}\" data-widget_type=\"heading.default\">\n\t\t\t\t<div class=\"elementor-widget-container\">\n\t\t\t\t\t<h2 class=\"elementor-heading-title elementor-size-default\">Contacto<\/h2>\t\t\t\t<\/div>\n\t\t\t\t<\/div>\n\t\t\t\t<div class=\"elementor-element elementor-element-f4a2fd3 elementor-widget elementor-widget-heading\" data-id=\"f4a2fd3\" data-element_type=\"widget\" data-widget_type=\"heading.default\">\n\t\t\t\t<div class=\"elementor-widget-container\">\n\t\t\t\t\t<h5 class=\"elementor-heading-title elementor-size-default\">Si deseas conocernos m\u00e1s, solicitar informaci\u00f3n o concertar una visita, estamos a tu disposici\u00f3n a trav\u00e9s de distintos medios de contacto. \u00a1Estaremos encantados de atenderte!<\/h5>\t\t\t\t<\/div>\n\t\t\t\t<\/div>\n\t\t\t\t<div class=\"elementor-element elementor-element-3b9a89a elementor-align-center elementor-mobile-align-left elementor-widget elementor-widget-button\" data-id=\"3b9a89a\" data-element_type=\"widget\" data-widget_type=\"button.default\">\n\t\t\t\t<div class=\"elementor-widget-container\">\n\t\t\t\t\t\t\t\t\t<div class=\"elementor-button-wrapper\">\n\t\t\t\t\t<a class=\"elementor-button elementor-button-link elementor-size-sm\" href=\"https:\/\/vistarreal.es\/wp1\/contacto\/\">\n\t\t\t\t\t\t<span class=\"elementor-button-content-wrapper\">\n\t\t\t\t\t\t<span class=\"elementor-button-icon\">\n\t\t\t\t<i aria-hidden=\"true\" class=\"vamtamtheme- vamtam-theme-arrow-right\"><\/i>\t\t\t<\/span>\n\t\t\t\t\t\t\t\t\t<span class=\"elementor-button-text\">\u00a1Solicita informaci\u00f3n ahora!<\/span>\n\t\t\t\t\t<\/span>\n\t\t\t\t\t<\/a>\n\t\t\t\t<\/div>\n\t\t\t\t\t\t\t\t<\/div>\n\t\t\t\t<\/div>\n\t\t\t\t\t<\/div>\n\t\t<\/div>\n\t\t\t\t\t<\/div>\n\t\t<\/section>\n\t\t\t\t<\/div>\n\t\t","protected":false},"excerpt":{"rendered":"<p>Pol\u00edtica de privacidad POL\u00cdTICA DE PRIVACIDAD 1. Identificaci\u00f3n del Responsable VISTARREAL S.C. CIF: F73574238 Direcci\u00f3n: C\/ Sierra Espu\u00f1a S\/N, 30506, Altorreal, Murcia Tel\u00e9fono: 968618683 Correo Electr\u00f3nico: secretariavistarreal@gmail.com 2. Finalidad del Tratamiento de Datos Los datos personales recabados a trav\u00e9s de nuestra p\u00e1gina web ser\u00e1n tratados con las siguientes finalidades: Gesti\u00f3n de los servicios ofrecidos a&#8230;<\/p>\n","protected":false},"author":1,"featured_media":0,"parent":0,"menu_order":0,"comment_status":"closed","ping_status":"closed","template":"elementor_theme","meta":{"footnotes":""},"class_list":["post-988509","page","type-page","status-publish","hentry"],"yoast_head":"<!-- This site is optimized with the Yoast SEO plugin v24.5 - https:\/\/yoast.com\/wordpress\/plugins\/seo\/ -->\n<title>Orientaci\u00f3n Escolar en el Colegio Vistarreal | Apoyo Integral para Estudiantes<\/title>\n<meta name=\"description\" content=\"Descubre c\u00f3mo el Departamento de Orientaci\u00f3n del Colegio Vistarreal apoya a los alumnos con programas personalizados como el PAD, PAT y orientaci\u00f3n profesional. Educaci\u00f3n inclusiva y emocional para el \u00e9xito.\" \/>\n<meta name=\"robots\" content=\"index, follow, max-snippet:-1, max-image-preview:large, max-video-preview:-1\" \/>\n<link rel=\"canonical\" href=\"https:\/\/vistarreal.es\/wp1\/politica-de-privacidad\/\" \/>\n<meta property=\"og:locale\" content=\"es_ES\" \/>\n<meta property=\"og:type\" content=\"article\" \/>\n<meta property=\"og:title\" content=\"Orientaci\u00f3n Escolar en el Colegio Vistarreal | Apoyo Integral para Estudiantes\" \/>\n<meta property=\"og:description\" content=\"Descubre c\u00f3mo el Departamento de Orientaci\u00f3n del Colegio Vistarreal apoya a los alumnos con programas personalizados como el PAD, PAT y orientaci\u00f3n profesional. Educaci\u00f3n inclusiva y emocional para el \u00e9xito.\" \/>\n<meta property=\"og:url\" content=\"https:\/\/vistarreal.es\/wp1\/politica-de-privacidad\/\" \/>\n<meta property=\"og:site_name\" content=\"Colegio Vistarreal | Educaci\u00f3n Integral, Innovadora y Biling\u00fce\" \/>\n<meta property=\"article:modified_time\" content=\"2025-02-18T17:56:56+00:00\" \/>\n<meta name=\"twitter:card\" content=\"summary_large_image\" \/>\n<meta name=\"twitter:label1\" content=\"Tiempo de lectura\" \/>\n\t<meta name=\"twitter:data1\" content=\"2 minutos\" \/>\n<script type=\"application\/ld+json\" class=\"yoast-schema-graph\">{\"@context\":\"https:\/\/schema.org\",\"@graph\":[{\"@type\":\"WebPage\",\"@id\":\"https:\/\/vistarreal.es\/wp1\/politica-de-privacidad\/\",\"url\":\"https:\/\/vistarreal.es\/wp1\/politica-de-privacidad\/\",\"name\":\"Orientaci\u00f3n Escolar en el Colegio Vistarreal | Apoyo Integral para Estudiantes\",\"isPartOf\":{\"@id\":\"https:\/\/vistarreal.es\/wp1\/#website\"},\"datePublished\":\"2025-02-18T17:54:15+00:00\",\"dateModified\":\"2025-02-18T17:56:56+00:00\",\"description\":\"Descubre c\u00f3mo el Departamento de Orientaci\u00f3n del Colegio Vistarreal apoya a los alumnos con programas personalizados como el PAD, PAT y orientaci\u00f3n profesional. Educaci\u00f3n inclusiva y emocional para el \u00e9xito.\",\"breadcrumb\":{\"@id\":\"https:\/\/vistarreal.es\/wp1\/politica-de-privacidad\/#breadcrumb\"},\"inLanguage\":\"es\",\"potentialAction\":[{\"@type\":\"ReadAction\",\"target\":[\"https:\/\/vistarreal.es\/wp1\/politica-de-privacidad\/\"]}]},{\"@type\":\"BreadcrumbList\",\"@id\":\"https:\/\/vistarreal.es\/wp1\/politica-de-privacidad\/#breadcrumb\",\"itemListElement\":[{\"@type\":\"ListItem\",\"position\":1,\"name\":\"Portada\",\"item\":\"https:\/\/vistarreal.es\/wp1\/\"},{\"@type\":\"ListItem\",\"position\":2,\"name\":\"Pol\u00edtica de privacidad\"}]},{\"@type\":\"WebSite\",\"@id\":\"https:\/\/vistarreal.es\/wp1\/#website\",\"url\":\"https:\/\/vistarreal.es\/wp1\/\",\"name\":\"Colegio Vistarreal\",\"description\":\"Descubre el Colegio Vistarreal, un centro educativo que ofrece formaci\u00f3n integral desde Infantil hasta Bachillerato. Metodolog\u00edas activas, proyecto biling\u00fce, atenci\u00f3n a la diversidad y programas internacionales para el \u00e9xito acad\u00e9mico y personal de nuestros alumnos.\",\"publisher\":{\"@id\":\"https:\/\/vistarreal.es\/wp1\/#organization\"},\"potentialAction\":[{\"@type\":\"SearchAction\",\"target\":{\"@type\":\"EntryPoint\",\"urlTemplate\":\"https:\/\/vistarreal.es\/wp1\/?s={search_term_string}\"},\"query-input\":{\"@type\":\"PropertyValueSpecification\",\"valueRequired\":true,\"valueName\":\"search_term_string\"}}],\"inLanguage\":\"es\"},{\"@type\":\"Organization\",\"@id\":\"https:\/\/vistarreal.es\/wp1\/#organization\",\"name\":\"Colegio Vistarreal\",\"url\":\"https:\/\/vistarreal.es\/wp1\/\",\"logo\":{\"@type\":\"ImageObject\",\"inLanguage\":\"es\",\"@id\":\"https:\/\/vistarreal.es\/wp1\/#\/schema\/logo\/image\/\",\"url\":\"https:\/\/vistarreal.es\/wp1\/wp-content\/uploads\/2020\/02\/Titulo__5_-removebg-preview.png\",\"contentUrl\":\"https:\/\/vistarreal.es\/wp1\/wp-content\/uploads\/2020\/02\/Titulo__5_-removebg-preview.png\",\"width\":302,\"height\":109,\"caption\":\"Colegio Vistarreal\"},\"image\":{\"@id\":\"https:\/\/vistarreal.es\/wp1\/#\/schema\/logo\/image\/\"}}]}<\/script>\n<!-- \/ Yoast SEO plugin. -->","yoast_head_json":{"title":"Orientaci\u00f3n Escolar en el Colegio Vistarreal | Apoyo Integral para Estudiantes","description":"Descubre c\u00f3mo el Departamento de Orientaci\u00f3n del Colegio Vistarreal apoya a los alumnos con programas personalizados como el PAD, PAT y orientaci\u00f3n profesional. Educaci\u00f3n inclusiva y emocional para el \u00e9xito.","robots":{"index":"index","follow":"follow","max-snippet":"max-snippet:-1","max-image-preview":"max-image-preview:large","max-video-preview":"max-video-preview:-1"},"canonical":"https:\/\/vistarreal.es\/wp1\/politica-de-privacidad\/","og_locale":"es_ES","og_type":"article","og_title":"Orientaci\u00f3n Escolar en el Colegio Vistarreal | Apoyo Integral para Estudiantes","og_description":"Descubre c\u00f3mo el Departamento de Orientaci\u00f3n del Colegio Vistarreal apoya a los alumnos con programas personalizados como el PAD, PAT y orientaci\u00f3n profesional. Educaci\u00f3n inclusiva y emocional para el \u00e9xito.","og_url":"https:\/\/vistarreal.es\/wp1\/politica-de-privacidad\/","og_site_name":"Colegio Vistarreal | Educaci\u00f3n Integral, Innovadora y Biling\u00fce","article_modified_time":"2025-02-18T17:56:56+00:00","twitter_card":"summary_large_image","twitter_misc":{"Tiempo de lectura":"2 minutos"},"schema":{"@context":"https:\/\/schema.org","@graph":[{"@type":"WebPage","@id":"https:\/\/vistarreal.es\/wp1\/politica-de-privacidad\/","url":"https:\/\/vistarreal.es\/wp1\/politica-de-privacidad\/","name":"Orientaci\u00f3n Escolar en el Colegio Vistarreal | Apoyo Integral para Estudiantes","isPartOf":{"@id":"https:\/\/vistarreal.es\/wp1\/#website"},"datePublished":"2025-02-18T17:54:15+00:00","dateModified":"2025-02-18T17:56:56+00:00","description":"Descubre c\u00f3mo el Departamento de Orientaci\u00f3n del Colegio Vistarreal apoya a los alumnos con programas personalizados como el PAD, PAT y orientaci\u00f3n profesional. Educaci\u00f3n inclusiva y emocional para el \u00e9xito.","breadcrumb":{"@id":"https:\/\/vistarreal.es\/wp1\/politica-de-privacidad\/#breadcrumb"},"inLanguage":"es","potentialAction":[{"@type":"ReadAction","target":["https:\/\/vistarreal.es\/wp1\/politica-de-privacidad\/"]}]},{"@type":"BreadcrumbList","@id":"https:\/\/vistarreal.es\/wp1\/politica-de-privacidad\/#breadcrumb","itemListElement":[{"@type":"ListItem","position":1,"name":"Portada","item":"https:\/\/vistarreal.es\/wp1\/"},{"@type":"ListItem","position":2,"name":"Pol\u00edtica de privacidad"}]},{"@type":"WebSite","@id":"https:\/\/vistarreal.es\/wp1\/#website","url":"https:\/\/vistarreal.es\/wp1\/","name":"Colegio Vistarreal","description":"Descubre el Colegio Vistarreal, un centro educativo que ofrece formaci\u00f3n integral desde Infantil hasta Bachillerato. Metodolog\u00edas activas, proyecto biling\u00fce, atenci\u00f3n a la diversidad y programas internacionales para el \u00e9xito acad\u00e9mico y personal de nuestros alumnos.","publisher":{"@id":"https:\/\/vistarreal.es\/wp1\/#organization"},"potentialAction":[{"@type":"SearchAction","target":{"@type":"EntryPoint","urlTemplate":"https:\/\/vistarreal.es\/wp1\/?s={search_term_string}"},"query-input":{"@type":"PropertyValueSpecification","valueRequired":true,"valueName":"search_term_string"}}],"inLanguage":"es"},{"@type":"Organization","@id":"https:\/\/vistarreal.es\/wp1\/#organization","name":"Colegio Vistarreal","url":"https:\/\/vistarreal.es\/wp1\/","logo":{"@type":"ImageObject","inLanguage":"es","@id":"https:\/\/vistarreal.es\/wp1\/#\/schema\/logo\/image\/","url":"https:\/\/vistarreal.es\/wp1\/wp-content\/uploads\/2020\/02\/Titulo__5_-removebg-preview.png","contentUrl":"https:\/\/vistarreal.es\/wp1\/wp-content\/uploads\/2020\/02\/Titulo__5_-removebg-preview.png","width":302,"height":109,"caption":"Colegio Vistarreal"},"image":{"@id":"https:\/\/vistarreal.es\/wp1\/#\/schema\/logo\/image\/"}}]}},"_links":{"self":[{"href":"https:\/\/vistarreal.es\/wp1\/wp-json\/wp\/v2\/pages\/988509","targetHints":{"allow":["GET"]}}],"collection":[{"href":"https:\/\/vistarreal.es\/wp1\/wp-json\/wp\/v2\/pages"}],"about":[{"href":"https:\/\/vistarreal.es\/wp1\/wp-json\/wp\/v2\/types\/page"}],"author":[{"embeddable":true,"href":"https:\/\/vistarreal.es\/wp1\/wp-json\/wp\/v2\/users\/1"}],"replies":[{"embeddable":true,"href":"https:\/\/vistarreal.es\/wp1\/wp-json\/wp\/v2\/comments?post=988509"}],"version-history":[{"count":4,"href":"https:\/\/vistarreal.es\/wp1\/wp-json\/wp\/v2\/pages\/988509\/revisions"}],"predecessor-version":[{"id":988513,"href":"https:\/\/vistarreal.es\/wp1\/wp-json\/wp\/v2\/pages\/988509\/revisions\/988513"}],"wp:attachment":[{"href":"https:\/\/vistarreal.es\/wp1\/wp-json\/wp\/v2\/media?parent=988509"}],"curies":[{"name":"wp","href":"https:\/\/api.w.org\/{rel}","templated":true}]}}