{"id":6419,"date":"2020-11-21T09:58:25","date_gmt":"2020-11-21T09:58:25","guid":{"rendered":"https:\/\/estudiar.vamtam.com\/?page_id=6419"},"modified":"2020-11-21T09:58:25","modified_gmt":"2020-11-21T09:58:25","slug":"dates-deadlines","status":"publish","type":"page","link":"https:\/\/vistarreal.es\/wp1\/dates-deadlines\/","title":{"rendered":"Dates &#038; Deadlines"},"content":{"rendered":"\t\t<div data-elementor-type=\"wp-page\" data-elementor-id=\"6419\" class=\"elementor elementor-6419\" data-elementor-post-type=\"page\">\n\t\t\t\t\t\t<section class=\"elementor-section elementor-top-section elementor-element elementor-element-1895bac elementor-section-height-min-height elementor-section-boxed elementor-section-height-default elementor-section-items-middle\" data-id=\"1895bac\" data-element_type=\"section\" data-settings=\"{&quot;background_background&quot;:&quot;classic&quot;}\">\n\t\t\t\t\t\t\t<div class=\"elementor-background-overlay\"><\/div>\n\t\t\t\t\t\t\t<div class=\"elementor-container elementor-column-gap-default\">\n\t\t\t\t\t<div class=\"elementor-column elementor-col-100 elementor-top-column elementor-element elementor-element-2e6778d\" data-id=\"2e6778d\" data-element_type=\"column\" data-settings=\"{&quot;background_background&quot;:&quot;classic&quot;}\">\n\t\t\t<div class=\"elementor-widget-wrap\">\n\t\t\t\t\t\t\t<\/div>\n\t\t<\/div>\n\t\t\t\t\t<\/div>\n\t\t<\/section>\n\t\t\t\t<section class=\"elementor-section elementor-top-section elementor-element elementor-element-d29deb2 elementor-section-boxed elementor-section-height-default elementor-section-height-default\" data-id=\"d29deb2\" data-element_type=\"section\">\n\t\t\t\t\t\t<div class=\"elementor-container elementor-column-gap-no\">\n\t\t\t\t\t<div class=\"elementor-column elementor-col-50 elementor-top-column elementor-element elementor-element-f50ba49 animated-fast elementor-invisible\" data-id=\"f50ba49\" data-element_type=\"column\" data-settings=\"{&quot;background_background&quot;:&quot;classic&quot;,&quot;animation&quot;:&quot;fadeIn&quot;,&quot;animation_delay&quot;:100,&quot;animation_tablet&quot;:&quot;none&quot;,&quot;animation_mobile&quot;:&quot;none&quot;}\">\n\t\t\t<div class=\"elementor-widget-wrap elementor-element-populated\">\n\t\t\t\t\t\t<div class=\"elementor-element elementor-element-a2392e0 elementor-widget elementor-widget-text-editor\" data-id=\"a2392e0\" data-element_type=\"widget\" data-widget_type=\"text-editor.default\">\n\t\t\t\t<div class=\"elementor-widget-container\">\n\t\t\t\t\t\t\t\t\t<p>Key dates for 2020 and 2021<\/p>\t\t\t\t\t\t\t\t<\/div>\n\t\t\t\t<\/div>\n\t\t\t\t\t<\/div>\n\t\t<\/div>\n\t\t\t\t<div class=\"elementor-column elementor-col-50 elementor-top-column elementor-element elementor-element-c409a46 elementor-hidden-desktop elementor-hidden-tablet elementor-hidden-phone\" data-id=\"c409a46\" data-element_type=\"column\">\n\t\t\t<div class=\"elementor-widget-wrap\">\n\t\t\t\t\t\t\t<\/div>\n\t\t<\/div>\n\t\t\t\t\t<\/div>\n\t\t<\/section>\n\t\t\t\t<section class=\"elementor-section elementor-top-section elementor-element elementor-element-1eb235f elementor-section-boxed elementor-section-height-default elementor-section-height-default\" data-id=\"1eb235f\" data-element_type=\"section\" data-settings=\"{&quot;animation&quot;:&quot;none&quot;,&quot;animation_tablet&quot;:&quot;none&quot;,&quot;animation_delay&quot;:200}\">\n\t\t\t\t\t\t<div class=\"elementor-container elementor-column-gap-no\">\n\t\t\t\t\t<div class=\"elementor-column elementor-col-100 elementor-top-column elementor-element elementor-element-d3e6c67\" data-id=\"d3e6c67\" data-element_type=\"column\">\n\t\t\t<div class=\"elementor-widget-wrap elementor-element-populated\">\n\t\t\t\t\t\t<div class=\"elementor-element elementor-element-3587f11 elementor-widget elementor-widget-heading\" data-id=\"3587f11\" data-element_type=\"widget\" data-widget_type=\"heading.default\">\n\t\t\t\t<div class=\"elementor-widget-container\">\n\t\t\t\t\t<h4 class=\"elementor-heading-title elementor-size-default\">Business &amp; Administration<\/h4>\t\t\t\t<\/div>\n\t\t\t\t<\/div>\n\t\t\t\t<div class=\"elementor-element elementor-element-3e485e9 vamtam-theme-table-styles elementor-widget elementor-widget-text-editor\" data-id=\"3e485e9\" data-element_type=\"widget\" data-widget_type=\"text-editor.default\">\n\t\t\t\t<div class=\"elementor-widget-container\">\n\t\t\t\t\t\t\t\t\t<table>\n<tbody>\n<tr>\n<th>JULY 2021<\/th>\n<th class=\"views\">DATE<\/th>\n\n<\/tr>\n<tr class=\"odd\">\n<td>Accommodation Check In<\/td>\n<td>Wednesday, 30 June<\/td>\n<\/tr>\n<tr class=\"even\">\n<td>New Student Orientation<\/td>\n<td>Thursday, 1 &#8211; Thursday 2 July<\/td>\n<\/tr>\n<tr class=\"odd\">\n<td>Term Start<\/td>\n<td>Monday, 5 July<\/td>\n<\/tr>\n<tr class=\"even\">\n<td>Term End<\/td>\n<td>Friday 17 September<\/td>\n<\/tr>\n<tr class=\"odd\">\n<td>Recess<\/td>\n<td>Monday 20 September &#8211; Friday 1 October<\/td>\n<\/tr>\n<\/tbody>\n<\/table>\t\t\t\t\t\t\t\t<\/div>\n\t\t\t\t<\/div>\n\t\t\t\t\t<\/div>\n\t\t<\/div>\n\t\t\t\t\t<\/div>\n\t\t<\/section>\n\t\t\t\t<section class=\"elementor-section elementor-top-section elementor-element elementor-element-4a84a3d elementor-section-boxed elementor-section-height-default elementor-section-height-default\" data-id=\"4a84a3d\" data-element_type=\"section\" data-settings=\"{&quot;animation&quot;:&quot;none&quot;,&quot;animation_tablet&quot;:&quot;none&quot;,&quot;animation_delay&quot;:300}\">\n\t\t\t\t\t\t<div class=\"elementor-container elementor-column-gap-no\">\n\t\t\t\t\t<div class=\"elementor-column elementor-col-100 elementor-top-column elementor-element elementor-element-f397a6d\" data-id=\"f397a6d\" data-element_type=\"column\">\n\t\t\t<div class=\"elementor-widget-wrap elementor-element-populated\">\n\t\t\t\t\t\t<div class=\"elementor-element elementor-element-cf2fbc6 elementor-widget elementor-widget-heading\" data-id=\"cf2fbc6\" data-element_type=\"widget\" data-widget_type=\"heading.default\">\n\t\t\t\t<div class=\"elementor-widget-container\">\n\t\t\t\t\t<h4 class=\"elementor-heading-title elementor-size-default\">Computer Science &amp; A.I.<\/h4>\t\t\t\t<\/div>\n\t\t\t\t<\/div>\n\t\t\t\t<div class=\"elementor-element elementor-element-474403f vamtam-theme-table-styles elementor-widget elementor-widget-text-editor\" data-id=\"474403f\" data-element_type=\"widget\" data-widget_type=\"text-editor.default\">\n\t\t\t\t<div class=\"elementor-widget-container\">\n\t\t\t\t\t\t\t\t\t<table>\n<tbody>\n<tr>\n<th>OCTOBER 2020<\/th>\n<th class=\"views\">DATE<\/th>\n\n<\/tr>\n<tr class=\"odd\">\n<td>Accommodation Check In<\/td>\n<td>Wednesday, 30 June<\/td>\n<\/tr>\n<tr class=\"even\">\n<td>New Student Orientation<\/td>\n<td>Thursday, 1 &#8211; Thursday 2 July<\/td>\n<\/tr>\n<tr class=\"odd\">\n<td>Term Start<\/td>\n<td>Monday, 5 July<\/td>\n<\/tr>\n<tr class=\"even\">\n<td>Term End<\/td>\n<td>Friday 17 September<\/td>\n<\/tr>\n<tr class=\"odd\">\n<td>Recess<\/td>\n<td>Monday 20 September &#8211; Friday 1 October<\/td>\n<\/tr>\n<\/tbody>\n<\/table>\t\t\t\t\t\t\t\t<\/div>\n\t\t\t\t<\/div>\n\t\t\t\t\t<\/div>\n\t\t<\/div>\n\t\t\t\t\t<\/div>\n\t\t<\/section>\n\t\t\t\t<section class=\"elementor-section elementor-top-section elementor-element elementor-element-4aac9ae elementor-section-boxed elementor-section-height-default elementor-section-height-default\" data-id=\"4aac9ae\" data-element_type=\"section\" data-settings=\"{&quot;animation&quot;:&quot;none&quot;,&quot;animation_tablet&quot;:&quot;none&quot;,&quot;animation_delay&quot;:400}\">\n\t\t\t\t\t\t<div class=\"elementor-container elementor-column-gap-no\">\n\t\t\t\t\t<div class=\"elementor-column elementor-col-100 elementor-top-column elementor-element elementor-element-a73ee26\" data-id=\"a73ee26\" data-element_type=\"column\">\n\t\t\t<div class=\"elementor-widget-wrap elementor-element-populated\">\n\t\t\t\t\t\t<div class=\"elementor-element elementor-element-8f421cf elementor-widget elementor-widget-heading\" data-id=\"8f421cf\" data-element_type=\"widget\" data-widget_type=\"heading.default\">\n\t\t\t\t<div class=\"elementor-widget-container\">\n\t\t\t\t\t<h4 class=\"elementor-heading-title elementor-size-default\">Art &amp; Design<\/h4>\t\t\t\t<\/div>\n\t\t\t\t<\/div>\n\t\t\t\t<div class=\"elementor-element elementor-element-d3178e7 vamtam-theme-table-styles elementor-widget elementor-widget-text-editor\" data-id=\"d3178e7\" data-element_type=\"widget\" data-widget_type=\"text-editor.default\">\n\t\t\t\t<div class=\"elementor-widget-container\">\n\t\t\t\t\t\t\t\t\t<table>\n<tbody>\n<tr>\n<th>APRIL 2021<\/th>\n<th class=\"views\">DATE<\/th>\n\n<\/tr>\n<tr class=\"odd\">\n<td>Accommodation Check In<\/td>\n<td>Wednesday, 30 June<\/td>\n<\/tr>\n<tr class=\"even\">\n<td>New Student Orientation<\/td>\n<td>Thursday, 1 &#8211; Thursday 2 July<\/td>\n<\/tr>\n<tr class=\"odd\">\n<td>Term Start<\/td>\n<td>Monday, 5 July<\/td>\n<\/tr>\n<tr class=\"even\">\n<td>Term End<\/td>\n<td>Friday 17 September<\/td>\n<\/tr>\n<tr class=\"odd\">\n<td>Recess<\/td>\n<td>Monday 20 September &#8211; Friday 1 October<\/td>\n<\/tr>\n<\/tbody>\n<\/table>\t\t\t\t\t\t\t\t<\/div>\n\t\t\t\t<\/div>\n\t\t\t\t\t<\/div>\n\t\t<\/div>\n\t\t\t\t\t<\/div>\n\t\t<\/section>\n\t\t\t\t<section class=\"elementor-section elementor-top-section elementor-element elementor-element-5d26412 elementor-section-boxed elementor-section-height-default elementor-section-height-default\" data-id=\"5d26412\" data-element_type=\"section\" data-settings=\"{&quot;animation&quot;:&quot;none&quot;,&quot;animation_tablet&quot;:&quot;none&quot;,&quot;animation_delay&quot;:500}\">\n\t\t\t\t\t\t<div class=\"elementor-container elementor-column-gap-no\">\n\t\t\t\t\t<div class=\"elementor-column elementor-col-100 elementor-top-column elementor-element elementor-element-afa0550\" data-id=\"afa0550\" data-element_type=\"column\">\n\t\t\t<div class=\"elementor-widget-wrap elementor-element-populated\">\n\t\t\t\t\t\t<div class=\"elementor-element elementor-element-df7ecbb elementor-widget elementor-widget-heading\" data-id=\"df7ecbb\" data-element_type=\"widget\" data-widget_type=\"heading.default\">\n\t\t\t\t<div class=\"elementor-widget-container\">\n\t\t\t\t\t<h4 class=\"elementor-heading-title elementor-size-default\">Media Management<\/h4>\t\t\t\t<\/div>\n\t\t\t\t<\/div>\n\t\t\t\t<div class=\"elementor-element elementor-element-12e0c5c vamtam-theme-table-styles elementor-widget elementor-widget-text-editor\" data-id=\"12e0c5c\" data-element_type=\"widget\" data-widget_type=\"text-editor.default\">\n\t\t\t\t<div class=\"elementor-widget-container\">\n\t\t\t\t\t\t\t\t\t<table>\n<tbody>\n<tr>\n<th>OCTOBER 2020<\/th>\n<th class=\"views\">DATE<\/th>\n\n<\/tr>\n<tr class=\"odd\">\n<td>Accommodation Check In<\/td>\n<td>Wednesday, 30 June<\/td>\n<\/tr>\n<tr class=\"even\">\n<td>New Student Orientation<\/td>\n<td>Thursday, 1 &#8211; Thursday 2 July<\/td>\n<\/tr>\n<tr class=\"odd\">\n<td>Term Start<\/td>\n<td>Monday, 5 July<\/td>\n<\/tr>\n<tr class=\"even\">\n<td>Term End<\/td>\n<td>Friday 17 September<\/td>\n<\/tr>\n<tr class=\"odd\">\n<td>Recess<\/td>\n<td>Monday 20 September &#8211; Friday 1 October<\/td>\n<\/tr>\n<\/tbody>\n<\/table>\t\t\t\t\t\t\t\t<\/div>\n\t\t\t\t<\/div>\n\t\t\t\t\t<\/div>\n\t\t<\/div>\n\t\t\t\t\t<\/div>\n\t\t<\/section>\n\t\t\t\t<section class=\"elementor-section elementor-top-section elementor-element elementor-element-76ad58f elementor-section-boxed elementor-section-height-default elementor-section-height-default\" data-id=\"76ad58f\" data-element_type=\"section\">\n\t\t\t\t\t\t<div class=\"elementor-container elementor-column-gap-default\">\n\t\t\t\t\t<div class=\"elementor-column elementor-col-100 elementor-top-column elementor-element elementor-element-5def9fb\" data-id=\"5def9fb\" data-element_type=\"column\">\n\t\t\t<div class=\"elementor-widget-wrap elementor-element-populated\">\n\t\t\t\t\t\t<div class=\"elementor-element elementor-element-d28a2df elementor-widget__width-auto animated-fast elementor-invisible elementor-widget elementor-widget-heading\" data-id=\"d28a2df\" data-element_type=\"widget\" data-settings=\"{&quot;_animation&quot;:&quot;fadeIn&quot;,&quot;_animation_tablet&quot;:&quot;none&quot;,&quot;_animation_mobile&quot;:&quot;none&quot;,&quot;_animation_delay&quot;:200}\" data-widget_type=\"heading.default\">\n\t\t\t\t<div class=\"elementor-widget-container\">\n\t\t\t\t\t<h1 class=\"elementor-heading-title elementor-size-default\">FORM<\/h1>\t\t\t\t<\/div>\n\t\t\t\t<\/div>\n\t\t\t\t\t<\/div>\n\t\t<\/div>\n\t\t\t\t\t<\/div>\n\t\t<\/section>\n\t\t\t\t<section class=\"elementor-section elementor-top-section elementor-element elementor-element-c6fbc0b elementor-section-boxed elementor-section-height-default elementor-section-height-default\" data-id=\"c6fbc0b\" data-element_type=\"section\" data-settings=\"{&quot;background_background&quot;:&quot;classic&quot;}\">\n\t\t\t\t\t\t<div class=\"elementor-container elementor-column-gap-default\">\n\t\t\t\t\t<div class=\"elementor-column elementor-col-100 elementor-top-column elementor-element elementor-element-8f221a6\" data-id=\"8f221a6\" data-element_type=\"column\">\n\t\t\t<div class=\"elementor-widget-wrap elementor-element-populated\">\n\t\t\t\t\t\t<div class=\"elementor-element elementor-element-edaf494 elementor-widget elementor-widget-heading\" data-id=\"edaf494\" data-element_type=\"widget\" data-widget_type=\"heading.default\">\n\t\t\t\t<div class=\"elementor-widget-container\">\n\t\t\t\t\t<h5 class=\"elementor-heading-title elementor-size-default\">Are you ready to take the next step toward your  future career?<\/h5>\t\t\t\t<\/div>\n\t\t\t\t<\/div>\n\t\t\t\t<div class=\"elementor-element elementor-element-75dae42 elementor-align-center elementor-mobile-align-left elementor-widget elementor-widget-button\" data-id=\"75dae42\" data-element_type=\"widget\" data-widget_type=\"button.default\">\n\t\t\t\t<div class=\"elementor-widget-container\">\n\t\t\t\t\t\t\t\t\t<div class=\"elementor-button-wrapper\">\n\t\t\t\t\t<a class=\"elementor-button elementor-button-link elementor-size-sm\" href=\"\/apply-form\/\">\n\t\t\t\t\t\t<span class=\"elementor-button-content-wrapper\">\n\t\t\t\t\t\t<span class=\"elementor-button-icon\">\n\t\t\t\t<i aria-hidden=\"true\" class=\"vamtamtheme- vamtam-theme-arrow-right\"><\/i>\t\t\t<\/span>\n\t\t\t\t\t\t\t\t\t<span class=\"elementor-button-text\">Application Form<\/span>\n\t\t\t\t\t<\/span>\n\t\t\t\t\t<\/a>\n\t\t\t\t<\/div>\n\t\t\t\t\t\t\t\t<\/div>\n\t\t\t\t<\/div>\n\t\t\t\t<div class=\"elementor-element elementor-element-d50cdc9 elementor-align-right elementor-widget__width-auto elementor-widget elementor-widget-button\" data-id=\"d50cdc9\" data-element_type=\"widget\" data-widget_type=\"button.default\">\n\t\t\t\t<div class=\"elementor-widget-container\">\n\t\t\t\t\t\t\t\t\t<div class=\"elementor-button-wrapper\">\n\t\t\t\t\t<a class=\"elementor-button elementor-button-link elementor-size-sm\" href=\"\/request-info\/\">\n\t\t\t\t\t\t<span class=\"elementor-button-content-wrapper\">\n\t\t\t\t\t\t\t\t\t<span class=\"elementor-button-text\">Request Info<\/span>\n\t\t\t\t\t<\/span>\n\t\t\t\t\t<\/a>\n\t\t\t\t<\/div>\n\t\t\t\t\t\t\t\t<\/div>\n\t\t\t\t<\/div>\n\t\t\t\t<div class=\"elementor-element elementor-element-8910f25 elementor-align-left elementor-widget__width-auto elementor-widget elementor-widget-button\" data-id=\"8910f25\" data-element_type=\"widget\" data-widget_type=\"button.default\">\n\t\t\t\t<div class=\"elementor-widget-container\">\n\t\t\t\t\t\t\t\t\t<div class=\"elementor-button-wrapper\">\n\t\t\t\t\t<a class=\"elementor-button elementor-button-link elementor-size-sm\" href=\"\/schedule-a-tour\/\">\n\t\t\t\t\t\t<span class=\"elementor-button-content-wrapper\">\n\t\t\t\t\t\t\t\t\t<span class=\"elementor-button-text\">visit<\/span>\n\t\t\t\t\t<\/span>\n\t\t\t\t\t<\/a>\n\t\t\t\t<\/div>\n\t\t\t\t\t\t\t\t<\/div>\n\t\t\t\t<\/div>\n\t\t\t\t\t<\/div>\n\t\t<\/div>\n\t\t\t\t\t<\/div>\n\t\t<\/section>\n\t\t\t\t<\/div>\n\t\t","protected":false},"excerpt":{"rendered":"<p>Key dates for 2020 and 2021 Business &#038; Administration JULY 2021 DATE Accommodation Check In Wednesday, 30 June New Student Orientation Thursday, 1 &#8211; Thursday 2 July Term Start Monday, 5 July Term End Friday 17 September Recess Monday 20 September &#8211; Friday 1 October Computer Science &#038; A.I. OCTOBER 2020 DATE Accommodation Check In&#8230;<\/p>\n","protected":false},"author":1,"featured_media":0,"parent":0,"menu_order":0,"comment_status":"closed","ping_status":"closed","template":"","meta":{"footnotes":""},"class_list":["post-6419","page","type-page","status-publish","hentry"],"yoast_head":"<!-- This site is optimized with the Yoast SEO plugin v24.5 - https:\/\/yoast.com\/wordpress\/plugins\/seo\/ -->\n<title>Dates &amp; Deadlines - Colegio Vistarreal | Educaci\u00f3n Integral, Innovadora y Biling\u00fce<\/title>\n<meta name=\"robots\" content=\"index, follow, max-snippet:-1, max-image-preview:large, max-video-preview:-1\" \/>\n<link rel=\"canonical\" href=\"https:\/\/vistarreal.es\/wp1\/dates-deadlines\/\" \/>\n<meta property=\"og:locale\" content=\"es_ES\" \/>\n<meta property=\"og:type\" content=\"article\" \/>\n<meta property=\"og:title\" content=\"Dates &amp; Deadlines - Colegio Vistarreal | Educaci\u00f3n Integral, Innovadora y Biling\u00fce\" \/>\n<meta property=\"og:description\" content=\"Key dates for 2020 and 2021 Business &#038; Administration JULY 2021 DATE Accommodation Check In Wednesday, 30 June New Student Orientation Thursday, 1 &#8211; Thursday 2 July Term Start Monday, 5 July Term End Friday 17 September Recess Monday 20 September &#8211; Friday 1 October Computer Science &#038; A.I. OCTOBER 2020 DATE Accommodation Check In...\" \/>\n<meta property=\"og:url\" content=\"https:\/\/vistarreal.es\/wp1\/dates-deadlines\/\" \/>\n<meta property=\"og:site_name\" content=\"Colegio Vistarreal | Educaci\u00f3n Integral, Innovadora y Biling\u00fce\" \/>\n<meta name=\"twitter:card\" content=\"summary_large_image\" \/>\n<meta name=\"twitter:label1\" content=\"Tiempo de lectura\" \/>\n\t<meta name=\"twitter:data1\" content=\"1 minuto\" \/>\n<script type=\"application\/ld+json\" class=\"yoast-schema-graph\">{\"@context\":\"https:\/\/schema.org\",\"@graph\":[{\"@type\":\"WebPage\",\"@id\":\"https:\/\/vistarreal.es\/wp1\/dates-deadlines\/\",\"url\":\"https:\/\/vistarreal.es\/wp1\/dates-deadlines\/\",\"name\":\"Dates & Deadlines - Colegio Vistarreal | Educaci\u00f3n Integral, Innovadora y Biling\u00fce\",\"isPartOf\":{\"@id\":\"https:\/\/vistarreal.es\/wp1\/#website\"},\"datePublished\":\"2020-11-21T09:58:25+00:00\",\"breadcrumb\":{\"@id\":\"https:\/\/vistarreal.es\/wp1\/dates-deadlines\/#breadcrumb\"},\"inLanguage\":\"es\",\"potentialAction\":[{\"@type\":\"ReadAction\",\"target\":[\"https:\/\/vistarreal.es\/wp1\/dates-deadlines\/\"]}]},{\"@type\":\"BreadcrumbList\",\"@id\":\"https:\/\/vistarreal.es\/wp1\/dates-deadlines\/#breadcrumb\",\"itemListElement\":[{\"@type\":\"ListItem\",\"position\":1,\"name\":\"Portada\",\"item\":\"https:\/\/vistarreal.es\/wp1\/\"},{\"@type\":\"ListItem\",\"position\":2,\"name\":\"Dates &#038; Deadlines\"}]},{\"@type\":\"WebSite\",\"@id\":\"https:\/\/vistarreal.es\/wp1\/#website\",\"url\":\"https:\/\/vistarreal.es\/wp1\/\",\"name\":\"Colegio Vistarreal\",\"description\":\"Descubre el Colegio Vistarreal, un centro educativo que ofrece formaci\u00f3n integral desde Infantil hasta Bachillerato. Metodolog\u00edas activas, proyecto biling\u00fce, atenci\u00f3n a la diversidad y programas internacionales para el \u00e9xito acad\u00e9mico y personal de nuestros alumnos.\",\"publisher\":{\"@id\":\"https:\/\/vistarreal.es\/wp1\/#organization\"},\"potentialAction\":[{\"@type\":\"SearchAction\",\"target\":{\"@type\":\"EntryPoint\",\"urlTemplate\":\"https:\/\/vistarreal.es\/wp1\/?s={search_term_string}\"},\"query-input\":{\"@type\":\"PropertyValueSpecification\",\"valueRequired\":true,\"valueName\":\"search_term_string\"}}],\"inLanguage\":\"es\"},{\"@type\":\"Organization\",\"@id\":\"https:\/\/vistarreal.es\/wp1\/#organization\",\"name\":\"Colegio Vistarreal\",\"url\":\"https:\/\/vistarreal.es\/wp1\/\",\"logo\":{\"@type\":\"ImageObject\",\"inLanguage\":\"es\",\"@id\":\"https:\/\/vistarreal.es\/wp1\/#\/schema\/logo\/image\/\",\"url\":\"https:\/\/vistarreal.es\/wp1\/wp-content\/uploads\/2020\/02\/Titulo__5_-removebg-preview.png\",\"contentUrl\":\"https:\/\/vistarreal.es\/wp1\/wp-content\/uploads\/2020\/02\/Titulo__5_-removebg-preview.png\",\"width\":302,\"height\":109,\"caption\":\"Colegio Vistarreal\"},\"image\":{\"@id\":\"https:\/\/vistarreal.es\/wp1\/#\/schema\/logo\/image\/\"}}]}<\/script>\n<!-- \/ Yoast SEO plugin. -->","yoast_head_json":{"title":"Dates & Deadlines - Colegio Vistarreal | Educaci\u00f3n Integral, Innovadora y Biling\u00fce","robots":{"index":"index","follow":"follow","max-snippet":"max-snippet:-1","max-image-preview":"max-image-preview:large","max-video-preview":"max-video-preview:-1"},"canonical":"https:\/\/vistarreal.es\/wp1\/dates-deadlines\/","og_locale":"es_ES","og_type":"article","og_title":"Dates & Deadlines - Colegio Vistarreal | Educaci\u00f3n Integral, Innovadora y Biling\u00fce","og_description":"Key dates for 2020 and 2021 Business &#038; Administration JULY 2021 DATE Accommodation Check In Wednesday, 30 June New Student Orientation Thursday, 1 &#8211; Thursday 2 July Term Start Monday, 5 July Term End Friday 17 September Recess Monday 20 September &#8211; Friday 1 October Computer Science &#038; A.I. OCTOBER 2020 DATE Accommodation Check In...","og_url":"https:\/\/vistarreal.es\/wp1\/dates-deadlines\/","og_site_name":"Colegio Vistarreal | Educaci\u00f3n Integral, Innovadora y Biling\u00fce","twitter_card":"summary_large_image","twitter_misc":{"Tiempo de lectura":"1 minuto"},"schema":{"@context":"https:\/\/schema.org","@graph":[{"@type":"WebPage","@id":"https:\/\/vistarreal.es\/wp1\/dates-deadlines\/","url":"https:\/\/vistarreal.es\/wp1\/dates-deadlines\/","name":"Dates & Deadlines - Colegio Vistarreal | Educaci\u00f3n Integral, Innovadora y Biling\u00fce","isPartOf":{"@id":"https:\/\/vistarreal.es\/wp1\/#website"},"datePublished":"2020-11-21T09:58:25+00:00","breadcrumb":{"@id":"https:\/\/vistarreal.es\/wp1\/dates-deadlines\/#breadcrumb"},"inLanguage":"es","potentialAction":[{"@type":"ReadAction","target":["https:\/\/vistarreal.es\/wp1\/dates-deadlines\/"]}]},{"@type":"BreadcrumbList","@id":"https:\/\/vistarreal.es\/wp1\/dates-deadlines\/#breadcrumb","itemListElement":[{"@type":"ListItem","position":1,"name":"Portada","item":"https:\/\/vistarreal.es\/wp1\/"},{"@type":"ListItem","position":2,"name":"Dates &#038; Deadlines"}]},{"@type":"WebSite","@id":"https:\/\/vistarreal.es\/wp1\/#website","url":"https:\/\/vistarreal.es\/wp1\/","name":"Colegio Vistarreal","description":"Descubre el Colegio Vistarreal, un centro educativo que ofrece formaci\u00f3n integral desde Infantil hasta Bachillerato. Metodolog\u00edas activas, proyecto biling\u00fce, atenci\u00f3n a la diversidad y programas internacionales para el \u00e9xito acad\u00e9mico y personal de nuestros alumnos.","publisher":{"@id":"https:\/\/vistarreal.es\/wp1\/#organization"},"potentialAction":[{"@type":"SearchAction","target":{"@type":"EntryPoint","urlTemplate":"https:\/\/vistarreal.es\/wp1\/?s={search_term_string}"},"query-input":{"@type":"PropertyValueSpecification","valueRequired":true,"valueName":"search_term_string"}}],"inLanguage":"es"},{"@type":"Organization","@id":"https:\/\/vistarreal.es\/wp1\/#organization","name":"Colegio Vistarreal","url":"https:\/\/vistarreal.es\/wp1\/","logo":{"@type":"ImageObject","inLanguage":"es","@id":"https:\/\/vistarreal.es\/wp1\/#\/schema\/logo\/image\/","url":"https:\/\/vistarreal.es\/wp1\/wp-content\/uploads\/2020\/02\/Titulo__5_-removebg-preview.png","contentUrl":"https:\/\/vistarreal.es\/wp1\/wp-content\/uploads\/2020\/02\/Titulo__5_-removebg-preview.png","width":302,"height":109,"caption":"Colegio Vistarreal"},"image":{"@id":"https:\/\/vistarreal.es\/wp1\/#\/schema\/logo\/image\/"}}]}},"_links":{"self":[{"href":"https:\/\/vistarreal.es\/wp1\/wp-json\/wp\/v2\/pages\/6419","targetHints":{"allow":["GET"]}}],"collection":[{"href":"https:\/\/vistarreal.es\/wp1\/wp-json\/wp\/v2\/pages"}],"about":[{"href":"https:\/\/vistarreal.es\/wp1\/wp-json\/wp\/v2\/types\/page"}],"author":[{"embeddable":true,"href":"https:\/\/vistarreal.es\/wp1\/wp-json\/wp\/v2\/users\/1"}],"replies":[{"embeddable":true,"href":"https:\/\/vistarreal.es\/wp1\/wp-json\/wp\/v2\/comments?post=6419"}],"version-history":[{"count":0,"href":"https:\/\/vistarreal.es\/wp1\/wp-json\/wp\/v2\/pages\/6419\/revisions"}],"wp:attachment":[{"href":"https:\/\/vistarreal.es\/wp1\/wp-json\/wp\/v2\/media?parent=6419"}],"curies":[{"name":"wp","href":"https:\/\/api.w.org\/{rel}","templated":true}]}}